{"id":105,"date":"2011-11-08T09:25:07","date_gmt":"2011-11-08T08:25:07","guid":{"rendered":"http:\/\/radziszewski.home.pl\/pukwp_bip\/?page_id=105"},"modified":"2021-10-28T12:57:01","modified_gmt":"2021-10-28T10:57:01","slug":"zarzad","status":"publish","type":"page","link":"https:\/\/bip.pukchojna.pl\/index.php\/zarzad\/","title":{"rendered":"Zarz\u0105d"},"content":{"rendered":"<p align=\"left\">Zarz\u0105d Sp\u00f3\u0142ki stanowi:<\/p>\n<p align=\"left\">Janusz Kloczkowski &#8211; Prezes Zarz\u0105du<\/p>\n<p align=\"left\">\n<p align=\"left\">Zarz\u0105d Sp\u00f3\u0142ki jest jednoosobowy. Kadencja trwa trzy lata. Cz\u0142onk\u00f3w Zarz\u0105du powo\u0142uje i odwo\u0142uje Rada Nadzorcza. Zarz\u0105d dzia\u0142a na podstawie Aktu za\u0142o\u017cycielskiego Sp\u00f3\u0142ki i przepis\u00f3w prawa powszechnie obowi\u0105zuj\u0105cego w szczeg\u00f3lno\u015bci przepis\u00f3w Kodeksu sp\u00f3\u0142ek handlowych, w stosunkach z pracownikami Kodeksu Pracy oraz Regulaminu organizacyjnego Sp\u00f3\u0142ki.<\/p>\n<p align=\"left\">\n<p align=\"left\">Zakres dzia\u0142ania Zarz\u0105du &#8211; Prezesa Zarz\u0105du<\/p>\n<ul>\n<li value=\"1\">\n<p align=\"left\">Zarz\u0105dzanie Sp\u00f3\u0142k\u0105 i reprezentowanie jej na zewn\u0105trz;<\/p>\n<\/li>\n<li value=\"2\">\n<p align=\"left\">prowadzenie wszystkich spraw zwi\u0105zanych z prowadzeniem Sp\u00f3\u0142ki i jej przedsi\u0119biorstwa nie zastrze\u017cone przepisami prawa albo nale\u017c\u0105cych do kompetencji Zgromadzenia Wsp\u00f3lnik\u00f3w lub Rady Nadzorczej;<\/p>\n<\/li>\n<li value=\"3\">\n<p align=\"left\">sk\u0142adanie o\u015bwiadcze\u0144 woli i podpisywanie dokument\u00f3w w imieniu Sp\u00f3\u0142ki;<\/p>\n<\/li>\n<\/ul>\n","protected":false},"excerpt":{"rendered":"<p>Zarz\u0105d Sp\u00f3\u0142ki stanowi: Janusz Kloczkowski &#8211; Prezes Zarz\u0105du Zarz\u0105d Sp\u00f3\u0142ki jest jednoosobowy. Kadencja trwa trzy lata. Cz\u0142onk\u00f3w Zarz\u0105du powo\u0142uje i odwo\u0142uje Rada Nadzorcza. Zarz\u0105d dzia\u0142a na podstawie Aktu za\u0142o\u017cycielskiego Sp\u00f3\u0142ki i przepis\u00f3w prawa powszechnie obowi\u0105zuj\u0105cego w szczeg\u00f3lno\u015bci przepis\u00f3w Kodeksu sp\u00f3\u0142ek handlowych, w stosunkach z pracownikami Kodeksu Pracy oraz Regulaminu organizacyjnego Sp\u00f3\u0142ki. Zakres dzia\u0142ania Zarz\u0105du &#8211; [&hellip;]<\/p>\n","protected":false},"author":1,"featured_media":0,"parent":0,"menu_order":0,"comment_status":"closed","ping_status":"closed","template":"","meta":{"footnotes":""},"class_list":["post-105","page","type-page","status-publish","hentry","entry"],"_links":{"self":[{"href":"https:\/\/bip.pukchojna.pl\/index.php\/wp-json\/wp\/v2\/pages\/105","targetHints":{"allow":["GET"]}}],"collection":[{"href":"https:\/\/bip.pukchojna.pl\/index.php\/wp-json\/wp\/v2\/pages"}],"about":[{"href":"https:\/\/bip.pukchojna.pl\/index.php\/wp-json\/wp\/v2\/types\/page"}],"author":[{"embeddable":true,"href":"https:\/\/bip.pukchojna.pl\/index.php\/wp-json\/wp\/v2\/users\/1"}],"replies":[{"embeddable":true,"href":"https:\/\/bip.pukchojna.pl\/index.php\/wp-json\/wp\/v2\/comments?post=105"}],"version-history":[{"count":6,"href":"https:\/\/bip.pukchojna.pl\/index.php\/wp-json\/wp\/v2\/pages\/105\/revisions"}],"predecessor-version":[{"id":1187,"href":"https:\/\/bip.pukchojna.pl\/index.php\/wp-json\/wp\/v2\/pages\/105\/revisions\/1187"}],"wp:attachment":[{"href":"https:\/\/bip.pukchojna.pl\/index.php\/wp-json\/wp\/v2\/media?parent=105"}],"curies":[{"name":"wp","href":"https:\/\/api.w.org\/{rel}","templated":true}]}}