{"id":144,"date":"2014-07-17T20:31:35","date_gmt":"2014-07-17T18:31:35","guid":{"rendered":"http:\/\/radziszewski.home.pl\/pukwp_bip\/?page_id=144"},"modified":"2026-01-25T22:58:46","modified_gmt":"2026-01-25T21:58:46","slug":"zarzadzenia","status":"publish","type":"page","link":"https:\/\/bip.pukchojna.pl\/index.php\/zarzadzenia\/","title":{"rendered":"Zarz\u0105dzenia"},"content":{"rendered":"\t\t<div data-elementor-type=\"wp-page\" data-elementor-id=\"144\" class=\"elementor elementor-144\" data-elementor-post-type=\"page\">\n\t\t\t\t\t\t<section class=\"elementor-section elementor-top-section elementor-element elementor-element-0b840e9 elementor-section-boxed elementor-section-height-default elementor-section-height-default\" data-id=\"0b840e9\" data-element_type=\"section\">\n\t\t\t\t\t\t<div class=\"elementor-container elementor-column-gap-default\">\n\t\t\t\t\t<div class=\"elementor-column elementor-col-100 elementor-top-column elementor-element elementor-element-04fb9e2\" data-id=\"04fb9e2\" data-element_type=\"column\">\n\t\t\t<div class=\"elementor-widget-wrap elementor-element-populated\">\n\t\t\t\t\t\t<div class=\"elementor-element elementor-element-5655a74 elementor-grid-1 elementor-grid-tablet-2 elementor-grid-mobile-1 elementor-posts--thumbnail-top elementor-widget elementor-widget-posts\" data-id=\"5655a74\" data-element_type=\"widget\" data-settings=\"{&quot;classic_columns&quot;:&quot;1&quot;,&quot;classic_columns_tablet&quot;:&quot;2&quot;,&quot;classic_columns_mobile&quot;:&quot;1&quot;,&quot;classic_row_gap&quot;:{&quot;unit&quot;:&quot;px&quot;,&quot;size&quot;:35,&quot;sizes&quot;:[]},&quot;classic_row_gap_tablet&quot;:{&quot;unit&quot;:&quot;px&quot;,&quot;size&quot;:&quot;&quot;,&quot;sizes&quot;:[]},&quot;classic_row_gap_mobile&quot;:{&quot;unit&quot;:&quot;px&quot;,&quot;size&quot;:&quot;&quot;,&quot;sizes&quot;:[]}}\" data-widget_type=\"posts.classic\">\n\t\t\t\t<div class=\"elementor-widget-container\">\n\t\t\t\t\t\t\t<div class=\"elementor-posts-container elementor-posts elementor-posts--skin-classic elementor-grid\" role=\"list\">\n\t\t\t\t<article class=\"elementor-post elementor-grid-item post-1765 post type-post status-publish format-standard hentry category-zarzadzenia entry\" role=\"listitem\">\n\t\t\t\t<div class=\"elementor-post__text\">\n\t\t\t\t<h3 class=\"elementor-post__title\">\n\t\t\t<a href=\"https:\/\/bip.pukchojna.pl\/index.php\/2026\/01\/25\/zarzadzenie-nr-12-2025-prezesa-zarzadu-przedsiebiorstwa-uslug-komunalnych-w-chojnie-sp-z-o-o-w-sprawie-ustalenia-cen-za-uslugi-swiadczone-w-zakresie-transportu\/\" >\n\t\t\t\tZarz\u0105dzenie nr 12\/2025 Prezesa Zarz\u0105du Przedsi\u0119biorstwa Us\u0142ug Komunalnych w Chojnie Sp. z o.o. w sprawie ustalenia cen za us\u0142ugi \u015bwiadczone w zakresie transportu\t\t\t<\/a>\n\t\t<\/h3>\n\t\t\t\t<div class=\"elementor-post__meta-data\">\n\t\t\t\t\t<span class=\"elementor-post-date\">\n\t\t\t25 stycznia 2026\t\t<\/span>\n\t\t\t\t<\/div>\n\t\t\t\t<\/div>\n\t\t\t\t<\/article>\n\t\t\t\t<article class=\"elementor-post elementor-grid-item post-1747 post type-post status-publish format-standard hentry category-zarzadzenia entry\" role=\"listitem\">\n\t\t\t\t<div class=\"elementor-post__text\">\n\t\t\t\t<h3 class=\"elementor-post__title\">\n\t\t\t<a href=\"https:\/\/bip.pukchojna.pl\/index.php\/2026\/01\/14\/zarzadzenie-nr-11-2025-prezesa-zarzadu-przedsiebiorstwa-uslug-komunalnych-w-chojnie-sp-z-o-o-w-sprawie-cennika-oplat-za-uslugi-dodatkowe-wodociagowe-i-kanalizacyjne-realizowane-przez-dzial-wodocia\/\" >\n\t\t\t\tZarz\u0105dzenie nr 11\/2025 Prezesa Zarz\u0105du Przedsi\u0119biorstwa Us\u0142ug Komunalnych w Chojnie Sp. z o.o. w sprawie cennika op\u0142at za us\u0142ugi dodatkowe &#8211; wodoci\u0105gowe i kanalizacyjne realizowane przez dzia\u0142 wodoci\u0105g\u00f3w i kanalizacji\t\t\t<\/a>\n\t\t<\/h3>\n\t\t\t\t<div class=\"elementor-post__meta-data\">\n\t\t\t\t\t<span class=\"elementor-post-date\">\n\t\t\t14 stycznia 2026\t\t<\/span>\n\t\t\t\t<\/div>\n\t\t\t\t<\/div>\n\t\t\t\t<\/article>\n\t\t\t\t<article class=\"elementor-post elementor-grid-item post-1694 post type-post status-publish format-standard hentry category-zarzadzenia entry\" role=\"listitem\">\n\t\t\t\t<div class=\"elementor-post__text\">\n\t\t\t\t<h3 class=\"elementor-post__title\">\n\t\t\t<a href=\"https:\/\/bip.pukchojna.pl\/index.php\/2026\/01\/06\/elementor-1694\/\" >\n\t\t\t\tZarz\u0105dzenie nr 10\/2025 Prezesa Zarz\u0105du Przedsi\u0119biorstwa Us\u0142ug Komunalnych w Chojnie Sp. z o.o. w sprawie ceny za us\u0142ug\u0119 wykonywan\u0105 samochodami asenizacyjnymi na terenie osadnika \u0141aziszcze\t\t\t<\/a>\n\t\t<\/h3>\n\t\t\t\t<div class=\"elementor-post__meta-data\">\n\t\t\t\t\t<span class=\"elementor-post-date\">\n\t\t\t6 stycznia 2026\t\t<\/span>\n\t\t\t\t<\/div>\n\t\t\t\t<\/div>\n\t\t\t\t<\/article>\n\t\t\t\t<article class=\"elementor-post elementor-grid-item post-1670 post type-post status-publish format-standard hentry category-zarzadzenia entry\" role=\"listitem\">\n\t\t\t\t<div class=\"elementor-post__text\">\n\t\t\t\t<h3 class=\"elementor-post__title\">\n\t\t\t<a href=\"https:\/\/bip.pukchojna.pl\/index.php\/2026\/01\/06\/zarzadzenie-nr-9-2025-prezesa-zarzadu-przedsiebiorstwa-uslug-komunalnych-w-chojnie-sp-z-o-o-w-sprawie-ustalenia-cen-umownych-na-uslugi-asenizacyjne\/\" >\n\t\t\t\tZarz\u0105dzenie nr 9\/2025 Prezesa Zarz\u0105du Przedsi\u0119biorstwa Us\u0142ug Komunalnych w Chojnie Sp. z o.o. w sprawie ustalenia cen umownych na us\u0142ugi asenizacyjne\t\t\t<\/a>\n\t\t<\/h3>\n\t\t\t\t<div class=\"elementor-post__meta-data\">\n\t\t\t\t\t<span class=\"elementor-post-date\">\n\t\t\t6 stycznia 2026\t\t<\/span>\n\t\t\t\t<\/div>\n\t\t\t\t<\/div>\n\t\t\t\t<\/article>\n\t\t\t\t<\/div>\n\t\t\n\t\t\t\t\t\t<\/div>\n\t\t\t\t<\/div>\n\t\t\t\t\t<\/div>\n\t\t<\/div>\n\t\t\t\t\t<\/div>\n\t\t<\/section>\n\t\t\t\t<\/div>\n\t\t","protected":false},"excerpt":{"rendered":"","protected":false},"author":1,"featured_media":0,"parent":0,"menu_order":0,"comment_status":"closed","ping_status":"closed","template":"","meta":{"footnotes":""},"class_list":["post-144","page","type-page","status-publish","hentry","entry"],"_links":{"self":[{"href":"https:\/\/bip.pukchojna.pl\/index.php\/wp-json\/wp\/v2\/pages\/144","targetHints":{"allow":["GET"]}}],"collection":[{"href":"https:\/\/bip.pukchojna.pl\/index.php\/wp-json\/wp\/v2\/pages"}],"about":[{"href":"https:\/\/bip.pukchojna.pl\/index.php\/wp-json\/wp\/v2\/types\/page"}],"author":[{"embeddable":true,"href":"https:\/\/bip.pukchojna.pl\/index.php\/wp-json\/wp\/v2\/users\/1"}],"replies":[{"embeddable":true,"href":"https:\/\/bip.pukchojna.pl\/index.php\/wp-json\/wp\/v2\/comments?post=144"}],"version-history":[{"count":27,"href":"https:\/\/bip.pukchojna.pl\/index.php\/wp-json\/wp\/v2\/pages\/144\/revisions"}],"predecessor-version":[{"id":1772,"href":"https:\/\/bip.pukchojna.pl\/index.php\/wp-json\/wp\/v2\/pages\/144\/revisions\/1772"}],"wp:attachment":[{"href":"https:\/\/bip.pukchojna.pl\/index.php\/wp-json\/wp\/v2\/media?parent=144"}],"curies":[{"name":"wp","href":"https:\/\/api.w.org\/{rel}","templated":true}]}}