{"id":55,"date":"2011-11-08T09:11:04","date_gmt":"2011-11-08T08:11:04","guid":{"rendered":"http:\/\/radziszewski.home.pl\/pukwp_bip\/?page_id=55"},"modified":"2019-10-05T23:04:28","modified_gmt":"2019-10-05T21:04:28","slug":"55-2","status":"publish","type":"page","link":"https:\/\/bip.pukchojna.pl\/index.php\/55-2\/","title":{"rendered":"Forma prawna"},"content":{"rendered":"<p style=\"font-weight: 400;\">SP\u00d3\u0141KA Z OGRANICZON\u0104 ODPOWIEDZIALNO\u015aCI\u0104<\/p>\n<p style=\"font-weight: 400;\">S\u0104D REJONOWY SZCZECIN &#8211; CENTRUM W SZCZECINIE, XIII WYDZIA\u0141 GOSPODARCZY KRAJOWEGO REJESTRU S\u0104DOWEGO NR KRS 0000076332<\/p>\n<p style=\"font-weight: 400;\">\n","protected":false},"excerpt":{"rendered":"<p>SP\u00d3\u0141KA Z OGRANICZON\u0104 ODPOWIEDZIALNO\u015aCI\u0104 S\u0104D REJONOWY SZCZECIN &#8211; CENTRUM W SZCZECINIE, XIII WYDZIA\u0141 GOSPODARCZY KRAJOWEGO REJESTRU S\u0104DOWEGO NR KRS 0000076332<\/p>\n","protected":false},"author":1,"featured_media":0,"parent":0,"menu_order":0,"comment_status":"closed","ping_status":"closed","template":"","meta":{"footnotes":""},"class_list":["post-55","page","type-page","status-publish","hentry","entry"],"_links":{"self":[{"href":"https:\/\/bip.pukchojna.pl\/index.php\/wp-json\/wp\/v2\/pages\/55","targetHints":{"allow":["GET"]}}],"collection":[{"href":"https:\/\/bip.pukchojna.pl\/index.php\/wp-json\/wp\/v2\/pages"}],"about":[{"href":"https:\/\/bip.pukchojna.pl\/index.php\/wp-json\/wp\/v2\/types\/page"}],"author":[{"embeddable":true,"href":"https:\/\/bip.pukchojna.pl\/index.php\/wp-json\/wp\/v2\/users\/1"}],"replies":[{"embeddable":true,"href":"https:\/\/bip.pukchojna.pl\/index.php\/wp-json\/wp\/v2\/comments?post=55"}],"version-history":[{"count":13,"href":"https:\/\/bip.pukchojna.pl\/index.php\/wp-json\/wp\/v2\/pages\/55\/revisions"}],"predecessor-version":[{"id":246,"href":"https:\/\/bip.pukchojna.pl\/index.php\/wp-json\/wp\/v2\/pages\/55\/revisions\/246"}],"wp:attachment":[{"href":"https:\/\/bip.pukchojna.pl\/index.php\/wp-json\/wp\/v2\/media?parent=55"}],"curies":[{"name":"wp","href":"https:\/\/api.w.org\/{rel}","templated":true}]}}