{"id":86,"date":"2011-11-08T09:20:33","date_gmt":"2011-11-08T08:20:33","guid":{"rendered":"http:\/\/radziszewski.home.pl\/pukwp_bip\/?page_id=86"},"modified":"2019-10-05T22:57:03","modified_gmt":"2019-10-05T20:57:03","slug":"organizacja","status":"publish","type":"page","link":"https:\/\/bip.pukchojna.pl\/index.php\/organizacja\/","title":{"rendered":"Organizacja"},"content":{"rendered":"<p align=\"left\">Ca\u0142okszta\u0142tem dzia\u0142alno\u015bci wewn\u0105trz Sp\u00f3\u0142ki kieruje Prezes Zarz\u0105du. Umow\u0119 o prac\u0119 z Prezesem Zarz\u0105du zawiera Przewodnicz\u0105cy Rady Nadzorczej. Stosunek pracy ze wszystkimi pozosta\u0142ymi pracownikami Sp\u00f3\u0142ki nawi\u0105zuje i rozwi\u0105zuje Zarz\u0105d Sp\u00f3\u0142ki. Struktur\u0119 organizacyjn\u0105 PUK w Chojnie Sp. z o.o. tworz\u0105 jednostki organizacyjne &#8211; Dzia\u0142y.<\/p>\n<p align=\"left\">Dzia\u0142y podlegaj\u0105 bezpo\u015brednio Prezesowi Zarz\u0105du.<\/p>\n<p align=\"left\">Dzia\u0142ami kieruj\u0105 kierownicy.<\/p>\n","protected":false},"excerpt":{"rendered":"<p>Ca\u0142okszta\u0142tem dzia\u0142alno\u015bci wewn\u0105trz Sp\u00f3\u0142ki kieruje Prezes Zarz\u0105du. Umow\u0119 o prac\u0119 z Prezesem Zarz\u0105du zawiera Przewodnicz\u0105cy Rady Nadzorczej. Stosunek pracy ze wszystkimi pozosta\u0142ymi pracownikami Sp\u00f3\u0142ki nawi\u0105zuje i rozwi\u0105zuje Zarz\u0105d Sp\u00f3\u0142ki. Struktur\u0119 organizacyjn\u0105 PUK w Chojnie Sp. z o.o. tworz\u0105 jednostki organizacyjne &#8211; Dzia\u0142y. Dzia\u0142y podlegaj\u0105 bezpo\u015brednio Prezesowi Zarz\u0105du. Dzia\u0142ami kieruj\u0105 kierownicy.<\/p>\n","protected":false},"author":1,"featured_media":0,"parent":0,"menu_order":0,"comment_status":"closed","ping_status":"closed","template":"","meta":{"footnotes":""},"class_list":["post-86","page","type-page","status-publish","hentry","entry"],"_links":{"self":[{"href":"https:\/\/bip.pukchojna.pl\/index.php\/wp-json\/wp\/v2\/pages\/86","targetHints":{"allow":["GET"]}}],"collection":[{"href":"https:\/\/bip.pukchojna.pl\/index.php\/wp-json\/wp\/v2\/pages"}],"about":[{"href":"https:\/\/bip.pukchojna.pl\/index.php\/wp-json\/wp\/v2\/types\/page"}],"author":[{"embeddable":true,"href":"https:\/\/bip.pukchojna.pl\/index.php\/wp-json\/wp\/v2\/users\/1"}],"replies":[{"embeddable":true,"href":"https:\/\/bip.pukchojna.pl\/index.php\/wp-json\/wp\/v2\/comments?post=86"}],"version-history":[{"count":6,"href":"https:\/\/bip.pukchojna.pl\/index.php\/wp-json\/wp\/v2\/pages\/86\/revisions"}],"predecessor-version":[{"id":258,"href":"https:\/\/bip.pukchojna.pl\/index.php\/wp-json\/wp\/v2\/pages\/86\/revisions\/258"}],"wp:attachment":[{"href":"https:\/\/bip.pukchojna.pl\/index.php\/wp-json\/wp\/v2\/media?parent=86"}],"curies":[{"name":"wp","href":"https:\/\/api.w.org\/{rel}","templated":true}]}}