{"id":96,"date":"2011-11-08T09:23:38","date_gmt":"2011-11-08T08:23:38","guid":{"rendered":"http:\/\/radziszewski.home.pl\/pukwp_bip\/?page_id=96"},"modified":"2019-10-05T23:05:36","modified_gmt":"2019-10-05T21:05:36","slug":"zgromadzenie-wspolnikow","status":"publish","type":"page","link":"https:\/\/bip.pukchojna.pl\/index.php\/zgromadzenie-wspolnikow\/","title":{"rendered":"Zgromadzenie wsp\u00f3lnik\u00f3w"},"content":{"rendered":"<p align=\"left\">Wszystkie udzia\u0142y w Sp\u00f3\u0142ce posiada Gmina Chojna b\u0119d\u0105ca za\u0142o\u017cycielem Sp\u00f3\u0142ki.<\/p>\n<p align=\"left\">Ka\u017cdy udzia\u0142 daje na Zgromadzeniu Wsp\u00f3lnik\u00f3w prawo do jednego g\u0142osu.<\/p>\n<p align=\"left\">W imieniu Gminy Chojna dzia\u0142a Burmistrz Gminy Chojna.<\/p>\n<p align=\"left\">Zwyczajne Zgromadzenie Wsp\u00f3lnik\u00f3w odbywa si\u0119 raz w roku. Nale\u017cy je zwo\u0142a\u0107 w ci\u0105gu 6 miesi\u0119cy po up\u0142ywie roku obrotowego.<\/p>\n<p align=\"left\">Nadzwyczajne Zgromadzenie Wsp\u00f3lnik\u00f3w zwo\u0142uje Zarz\u0105d Sp\u00f3\u0142ki z w\u0142asnej Inicjatywy b\u0105d\u017a na wniosek wsp\u00f3lnik\u00f3w dysponuj\u0105cych \u0142\u0105cznie co najmniej 10% kapita\u0142u zak\u0142adowego.<\/p>\n<p align=\"left\">Zgromadzenia Wsp\u00f3lnik\u00f3w odbywaj\u0105 si\u0119 w siedzibie Sp\u00f3\u0142ki lub poza ni\u0105.<\/p>\n<p align=\"left\">Do kompetencji Zgromadzenia Wsp\u00f3lnik\u00f3w nale\u017cy:<\/p>\n<ul>\n<li>rozpatrywanie i zatwierdzanie sprawozdania Zarz\u0105du Sp\u00f3\u0142ki, bilansu oraz rachunku wynik\u00f3w zysk\u00f3w<\/li>\n<li>i strat za rok ubieg\u0142y;<\/li>\n<li>podejmowanie uchwa\u0142 o podziale zysku lub pokryciu strat oraz udzieleniu w\u0142adzom Sp\u00f3\u0142ki pokwitowania z wykonania obowi\u0105zk\u00f3w;<\/li>\n<li>rozpatrzenie sprawozdania Rady Nadzorczej;<\/li>\n<li>zmiatana Statutu Sp\u00f3\u0142ki;<\/li>\n<li>podejmowanie uchwa\u0142 w sprawie zmiany przedmiotu przedsi\u0119biorstwa Sp\u00f3\u0142ki, zbycia, dzier\u017cawy przedsi\u0119biorstwa Sp\u00f3\u0142ki lub cz\u0119\u015bci przedsi\u0119biorstwa oraz ustanowienia na nim prawa u\u017cytkowania,<\/li>\n<li>a tak\u017ce nabywania, zbywania lub obci\u0105\u017cania udzia\u0142\u00f3w w innych podmiotach gospodarczych;<\/li>\n<li>tworzenie i likwidacja oddzia\u0142\u00f3w Sp\u00f3\u0142ki;<\/li>\n<li>powo\u0142ywanie i odwo\u0142ywanie Rady Nadzorczej Sp\u00f3\u0142ki;<\/li>\n<li>ustalanie zasad wynagradzania cz\u0142onk\u00f3w Zarz\u0105du i Rady Nadzorczej Sp\u00f3\u0142ki;<\/li>\n<li>uchwalanie rocznych plan\u00f3w ekonomiczno &#8211; finansowych Sp\u00f3\u0142ki oraz tworzenie i przeznaczanie funduszy Sp\u00f3\u0142ki;<\/li>\n<li>powo\u0142ywanie rewidenta ksi\u0119gowego do weryfikacji sprawozdania finansowego Sp\u00f3\u0142ki, je\u017celi w wyznaczonym terminie nie dokona tego Rada Nadzorcza;<\/li>\n<li>podejmowanie uchwa\u0142 w innych sprawach zastrze\u017conych dla Zgromadzenia Wsp\u00f3lnik\u00f3w;<\/li>\n<\/ul>\n","protected":false},"excerpt":{"rendered":"<p>Wszystkie udzia\u0142y w Sp\u00f3\u0142ce posiada Gmina Chojna b\u0119d\u0105ca za\u0142o\u017cycielem Sp\u00f3\u0142ki. Ka\u017cdy udzia\u0142 daje na Zgromadzeniu Wsp\u00f3lnik\u00f3w prawo do jednego g\u0142osu. W imieniu Gminy Chojna dzia\u0142a Burmistrz Gminy Chojna. Zwyczajne Zgromadzenie Wsp\u00f3lnik\u00f3w odbywa si\u0119 raz w roku. Nale\u017cy je zwo\u0142a\u0107 w ci\u0105gu 6 miesi\u0119cy po up\u0142ywie roku obrotowego. Nadzwyczajne Zgromadzenie Wsp\u00f3lnik\u00f3w zwo\u0142uje Zarz\u0105d Sp\u00f3\u0142ki z w\u0142asnej [&hellip;]<\/p>\n","protected":false},"author":1,"featured_media":0,"parent":0,"menu_order":0,"comment_status":"closed","ping_status":"closed","template":"","meta":{"footnotes":""},"class_list":["post-96","page","type-page","status-publish","hentry","entry"],"_links":{"self":[{"href":"https:\/\/bip.pukchojna.pl\/index.php\/wp-json\/wp\/v2\/pages\/96","targetHints":{"allow":["GET"]}}],"collection":[{"href":"https:\/\/bip.pukchojna.pl\/index.php\/wp-json\/wp\/v2\/pages"}],"about":[{"href":"https:\/\/bip.pukchojna.pl\/index.php\/wp-json\/wp\/v2\/types\/page"}],"author":[{"embeddable":true,"href":"https:\/\/bip.pukchojna.pl\/index.php\/wp-json\/wp\/v2\/users\/1"}],"replies":[{"embeddable":true,"href":"https:\/\/bip.pukchojna.pl\/index.php\/wp-json\/wp\/v2\/comments?post=96"}],"version-history":[{"count":7,"href":"https:\/\/bip.pukchojna.pl\/index.php\/wp-json\/wp\/v2\/pages\/96\/revisions"}],"predecessor-version":[{"id":264,"href":"https:\/\/bip.pukchojna.pl\/index.php\/wp-json\/wp\/v2\/pages\/96\/revisions\/264"}],"wp:attachment":[{"href":"https:\/\/bip.pukchojna.pl\/index.php\/wp-json\/wp\/v2\/media?parent=96"}],"curies":[{"name":"wp","href":"https:\/\/api.w.org\/{rel}","templated":true}]}}